{"id":411,"date":"2025-11-04T20:39:43","date_gmt":"2025-11-04T19:39:43","guid":{"rendered":"https:\/\/roselynegiacchero.fr\/?post_type=product&#038;p=411"},"modified":"2025-11-04T20:40:59","modified_gmt":"2025-11-04T19:40:59","slug":"le-petit-prince-degypte","status":"publish","type":"product","link":"https:\/\/roselynegiacchero.fr\/index.php\/product\/le-petit-prince-degypte\/","title":{"rendered":"Le Petit Prince d&rsquo;\u00c9gypte"},"content":{"rendered":"<p>Ce voyage initiatique nous plonge au c\u0153ur de l\u2019\u00c9gypte ancienne, entre rites, l\u00e9gendes et merveilles insoup\u00e7onn\u00e9es&#8230;<br \/>\nDeux \u00e2mes pures entament une \u00e9pop\u00e9e hors du commun, franchissant comme par enchantement le passage entre deux dimensions ; elles traversent le temps pour rencontrer le Pharaon Dj\u00e9ser et son Grand Architecte Imhotep, un \u00eatre \u00e9clair\u00e9, pourvu de savants pouvoirs et ma\u00eetre dans l\u2019art d\u2019\u00e9riger sa demeure d\u2019\u00e9ternit\u00e9. Nofret, une h\u00e9ro\u00efne \u00e9mouvante, illustre la r\u00e9silience et la force d\u2019une femme lib\u00e9r\u00e9e de ses souffrances gr\u00e2ce \u00e0 la foi. \u00c0 travers ce r\u00e9cit, Lucien, dont la qu\u00eate int\u00e9rieure rappelle celle du Petit Prince, croise diff\u00e9rents personnages, chacun porteur d\u2019un enseignement. A Saqqarah, sous l\u2019\u0153il scrutateur du pharaon Dj\u00e9ser, une statue est fa\u00e7onn\u00e9e par Imhotep. Achev\u00e9e et dress\u00e9e, elle sera rendue \u00e0 jamais vivante\u2026<br \/>\nDans la pierre et le cristal, trois \u00e2mes, unies par un lien sacr\u00e9, seront scell\u00e9es pour l\u2019\u00e9ternit\u00e9 dans le regard d\u2019un g\u00e9nie immortel. \u00ab?Celui qui vient en paix?\u00bb.<br \/>\nCe roman envo\u00fbtant est une ode \u00e0 la vie, une v\u00e9ritable qu\u00eate de soi .<\/p>\n","protected":false},"excerpt":{"rendered":"<p>Ce voyage initiatique nous plonge au c\u0153ur de l\u2019\u00c9gypte ancienne, entre rites, l\u00e9gendes et merveilles insoup\u00e7onn\u00e9es&#8230; Deux \u00e2mes pures entament une \u00e9pop\u00e9e hors du commun, franchissant comme par enchantement le passage entre deux dimensions ; elles traversent le temps pour rencontrer le Pharaon Dj\u00e9ser et son Grand Architecte Imhotep, un \u00eatre \u00e9clair\u00e9, pourvu de savants &hellip;<\/p>\n<p class=\"read-more\"> <a class=\"\" href=\"https:\/\/roselynegiacchero.fr\/index.php\/product\/le-petit-prince-degypte\/\"> <span class=\"screen-reader-text\">Le Petit Prince d&rsquo;\u00c9gypte<\/span> Lire la suite\u00a0\u00bb<\/a><\/p>\n","protected":false},"featured_media":413,"comment_status":"open","ping_status":"closed","template":"","meta":{"site-sidebar-layout":"default","site-content-layout":"default","ast-global-header-display":"","ast-banner-title-visibility":"","ast-main-header-display":"","ast-hfb-above-header-display":"","ast-hfb-below-header-display":"","ast-hfb-mobile-header-display":"","site-post-title":"","ast-breadcrumbs-content":"","ast-featured-img":"","footer-sml-layout":"","theme-transparent-header-meta":"default","adv-header-id-meta":"","stick-header-meta":"","header-above-stick-meta":"","header-main-stick-meta":"","header-below-stick-meta":""},"product_cat":[17],"product_tag":[],"class_list":["post-411","product","type-product","status-publish","has-post-thumbnail","hentry","product_cat-uncategorized","desktop-align-left","tablet-align-left","mobile-align-left"],"yoast_head":"<!-- This site is optimized with the Yoast SEO plugin v20.8 - https:\/\/yoast.com\/wordpress\/plugins\/seo\/ -->\n<title>Le Petit Prince d&#039;\u00c9gypte - Roselyne Giacchero<\/title>\n<meta name=\"robots\" content=\"index, follow, max-snippet:-1, max-image-preview:large, max-video-preview:-1\" \/>\n<link rel=\"canonical\" href=\"https:\/\/roselynegiacchero.fr\/index.php\/product\/le-petit-prince-degypte\/\" \/>\n<meta property=\"og:locale\" content=\"fr_FR\" \/>\n<meta property=\"og:type\" content=\"article\" \/>\n<meta property=\"og:title\" content=\"Le Petit Prince d&#039;\u00c9gypte - Roselyne Giacchero\" \/>\n<meta property=\"og:description\" content=\"Ce voyage initiatique nous plonge au c\u0153ur de l\u2019\u00c9gypte ancienne, entre rites, l\u00e9gendes et merveilles insoup\u00e7onn\u00e9es&#8230; Deux \u00e2mes pures entament une \u00e9pop\u00e9e hors du commun, franchissant comme par enchantement le passage entre deux dimensions ; elles traversent le temps pour rencontrer le Pharaon Dj\u00e9ser et son Grand Architecte Imhotep, un \u00eatre \u00e9clair\u00e9, pourvu de savants &hellip; Le Petit Prince d&rsquo;\u00c9gypte Lire la suite\u00a0\u00bb\" \/>\n<meta property=\"og:url\" content=\"https:\/\/roselynegiacchero.fr\/index.php\/product\/le-petit-prince-degypte\/\" \/>\n<meta property=\"og:site_name\" content=\"Roselyne Giacchero\" \/>\n<meta property=\"article:modified_time\" content=\"2025-11-04T19:40:59+00:00\" \/>\n<meta property=\"og:image\" content=\"http:\/\/roselynegiacchero.fr\/wp-content\/uploads\/2025\/11\/IMG_3879-1-scaled.jpg\" \/>\n\t<meta property=\"og:image:width\" content=\"1440\" \/>\n\t<meta property=\"og:image:height\" content=\"2560\" \/>\n\t<meta property=\"og:image:type\" content=\"image\/jpeg\" \/>\n<meta name=\"twitter:card\" content=\"summary_large_image\" \/>\n<meta name=\"twitter:label1\" content=\"Dur\u00e9e de lecture estim\u00e9e\" \/>\n\t<meta name=\"twitter:data1\" content=\"1 minute\" \/>\n<script type=\"application\/ld+json\" class=\"yoast-schema-graph\">{\"@context\":\"https:\/\/schema.org\",\"@graph\":[{\"@type\":\"WebPage\",\"@id\":\"https:\/\/roselynegiacchero.fr\/index.php\/product\/le-petit-prince-degypte\/\",\"url\":\"https:\/\/roselynegiacchero.fr\/index.php\/product\/le-petit-prince-degypte\/\",\"name\":\"Le Petit Prince d'\u00c9gypte - Roselyne Giacchero\",\"isPartOf\":{\"@id\":\"https:\/\/roselynegiacchero.fr\/#website\"},\"datePublished\":\"2025-11-04T19:39:43+00:00\",\"dateModified\":\"2025-11-04T19:40:59+00:00\",\"breadcrumb\":{\"@id\":\"https:\/\/roselynegiacchero.fr\/index.php\/product\/le-petit-prince-degypte\/#breadcrumb\"},\"inLanguage\":\"fr-FR\",\"potentialAction\":[{\"@type\":\"ReadAction\",\"target\":[\"https:\/\/roselynegiacchero.fr\/index.php\/product\/le-petit-prince-degypte\/\"]}]},{\"@type\":\"BreadcrumbList\",\"@id\":\"https:\/\/roselynegiacchero.fr\/index.php\/product\/le-petit-prince-degypte\/#breadcrumb\",\"itemListElement\":[{\"@type\":\"ListItem\",\"position\":1,\"name\":\"Home\",\"item\":\"https:\/\/roselynegiacchero.fr\/\"},{\"@type\":\"ListItem\",\"position\":2,\"name\":\"Shop\",\"item\":\"https:\/\/roselynegiacchero.fr\/index.php\/shop\/\"},{\"@type\":\"ListItem\",\"position\":3,\"name\":\"Le Petit Prince d&rsquo;\u00c9gypte\"}]},{\"@type\":\"WebSite\",\"@id\":\"https:\/\/roselynegiacchero.fr\/#website\",\"url\":\"https:\/\/roselynegiacchero.fr\/\",\"name\":\"Roselyne Giacchero\",\"description\":\"Un site utilisant WordPress\",\"publisher\":{\"@id\":\"https:\/\/roselynegiacchero.fr\/#\/schema\/person\/c63cff8844965965d27404f9aa57682c\"},\"potentialAction\":[{\"@type\":\"SearchAction\",\"target\":{\"@type\":\"EntryPoint\",\"urlTemplate\":\"https:\/\/roselynegiacchero.fr\/?s={search_term_string}\"},\"query-input\":\"required name=search_term_string\"}],\"inLanguage\":\"fr-FR\"},{\"@type\":[\"Person\",\"Organization\"],\"@id\":\"https:\/\/roselynegiacchero.fr\/#\/schema\/person\/c63cff8844965965d27404f9aa57682c\",\"name\":\"Roselyne Giacchero\",\"image\":{\"@type\":\"ImageObject\",\"inLanguage\":\"fr-FR\",\"@id\":\"https:\/\/roselynegiacchero.fr\/#\/schema\/person\/image\/\",\"url\":\"https:\/\/secure.gravatar.com\/avatar\/931b99a06027145c861f920f11e7a3d731acb245905dc357ab8dce38873b91fd?s=96&d=mm&r=g\",\"contentUrl\":\"https:\/\/secure.gravatar.com\/avatar\/931b99a06027145c861f920f11e7a3d731acb245905dc357ab8dce38873b91fd?s=96&d=mm&r=g\",\"caption\":\"Roselyne Giacchero\"},\"logo\":{\"@id\":\"https:\/\/roselynegiacchero.fr\/#\/schema\/person\/image\/\"},\"sameAs\":[\"http:\/\/roselynegiacchero.fr\"]}]}<\/script>\n<!-- \/ Yoast SEO plugin. -->","yoast_head_json":{"title":"Le Petit Prince d'\u00c9gypte - Roselyne Giacchero","robots":{"index":"index","follow":"follow","max-snippet":"max-snippet:-1","max-image-preview":"max-image-preview:large","max-video-preview":"max-video-preview:-1"},"canonical":"https:\/\/roselynegiacchero.fr\/index.php\/product\/le-petit-prince-degypte\/","og_locale":"fr_FR","og_type":"article","og_title":"Le Petit Prince d'\u00c9gypte - Roselyne Giacchero","og_description":"Ce voyage initiatique nous plonge au c\u0153ur de l\u2019\u00c9gypte ancienne, entre rites, l\u00e9gendes et merveilles insoup\u00e7onn\u00e9es&#8230; Deux \u00e2mes pures entament une \u00e9pop\u00e9e hors du commun, franchissant comme par enchantement le passage entre deux dimensions ; elles traversent le temps pour rencontrer le Pharaon Dj\u00e9ser et son Grand Architecte Imhotep, un \u00eatre \u00e9clair\u00e9, pourvu de savants &hellip; Le Petit Prince d&rsquo;\u00c9gypte Lire la suite\u00a0\u00bb","og_url":"https:\/\/roselynegiacchero.fr\/index.php\/product\/le-petit-prince-degypte\/","og_site_name":"Roselyne Giacchero","article_modified_time":"2025-11-04T19:40:59+00:00","og_image":[{"width":1440,"height":2560,"url":"http:\/\/roselynegiacchero.fr\/wp-content\/uploads\/2025\/11\/IMG_3879-1-scaled.jpg","type":"image\/jpeg"}],"twitter_card":"summary_large_image","twitter_misc":{"Dur\u00e9e de lecture estim\u00e9e":"1 minute"},"schema":{"@context":"https:\/\/schema.org","@graph":[{"@type":"WebPage","@id":"https:\/\/roselynegiacchero.fr\/index.php\/product\/le-petit-prince-degypte\/","url":"https:\/\/roselynegiacchero.fr\/index.php\/product\/le-petit-prince-degypte\/","name":"Le Petit Prince d'\u00c9gypte - Roselyne Giacchero","isPartOf":{"@id":"https:\/\/roselynegiacchero.fr\/#website"},"datePublished":"2025-11-04T19:39:43+00:00","dateModified":"2025-11-04T19:40:59+00:00","breadcrumb":{"@id":"https:\/\/roselynegiacchero.fr\/index.php\/product\/le-petit-prince-degypte\/#breadcrumb"},"inLanguage":"fr-FR","potentialAction":[{"@type":"ReadAction","target":["https:\/\/roselynegiacchero.fr\/index.php\/product\/le-petit-prince-degypte\/"]}]},{"@type":"BreadcrumbList","@id":"https:\/\/roselynegiacchero.fr\/index.php\/product\/le-petit-prince-degypte\/#breadcrumb","itemListElement":[{"@type":"ListItem","position":1,"name":"Home","item":"https:\/\/roselynegiacchero.fr\/"},{"@type":"ListItem","position":2,"name":"Shop","item":"https:\/\/roselynegiacchero.fr\/index.php\/shop\/"},{"@type":"ListItem","position":3,"name":"Le Petit Prince d&rsquo;\u00c9gypte"}]},{"@type":"WebSite","@id":"https:\/\/roselynegiacchero.fr\/#website","url":"https:\/\/roselynegiacchero.fr\/","name":"Roselyne Giacchero","description":"Un site utilisant WordPress","publisher":{"@id":"https:\/\/roselynegiacchero.fr\/#\/schema\/person\/c63cff8844965965d27404f9aa57682c"},"potentialAction":[{"@type":"SearchAction","target":{"@type":"EntryPoint","urlTemplate":"https:\/\/roselynegiacchero.fr\/?s={search_term_string}"},"query-input":"required name=search_term_string"}],"inLanguage":"fr-FR"},{"@type":["Person","Organization"],"@id":"https:\/\/roselynegiacchero.fr\/#\/schema\/person\/c63cff8844965965d27404f9aa57682c","name":"Roselyne Giacchero","image":{"@type":"ImageObject","inLanguage":"fr-FR","@id":"https:\/\/roselynegiacchero.fr\/#\/schema\/person\/image\/","url":"https:\/\/secure.gravatar.com\/avatar\/931b99a06027145c861f920f11e7a3d731acb245905dc357ab8dce38873b91fd?s=96&d=mm&r=g","contentUrl":"https:\/\/secure.gravatar.com\/avatar\/931b99a06027145c861f920f11e7a3d731acb245905dc357ab8dce38873b91fd?s=96&d=mm&r=g","caption":"Roselyne Giacchero"},"logo":{"@id":"https:\/\/roselynegiacchero.fr\/#\/schema\/person\/image\/"},"sameAs":["http:\/\/roselynegiacchero.fr"]}]}},"_links":{"self":[{"href":"https:\/\/roselynegiacchero.fr\/index.php\/wp-json\/wp\/v2\/product\/411","targetHints":{"allow":["GET"]}}],"collection":[{"href":"https:\/\/roselynegiacchero.fr\/index.php\/wp-json\/wp\/v2\/product"}],"about":[{"href":"https:\/\/roselynegiacchero.fr\/index.php\/wp-json\/wp\/v2\/types\/product"}],"replies":[{"embeddable":true,"href":"https:\/\/roselynegiacchero.fr\/index.php\/wp-json\/wp\/v2\/comments?post=411"}],"wp:featuredmedia":[{"embeddable":true,"href":"https:\/\/roselynegiacchero.fr\/index.php\/wp-json\/wp\/v2\/media\/413"}],"wp:attachment":[{"href":"https:\/\/roselynegiacchero.fr\/index.php\/wp-json\/wp\/v2\/media?parent=411"}],"wp:term":[{"taxonomy":"product_cat","embeddable":true,"href":"https:\/\/roselynegiacchero.fr\/index.php\/wp-json\/wp\/v2\/product_cat?post=411"},{"taxonomy":"product_tag","embeddable":true,"href":"https:\/\/roselynegiacchero.fr\/index.php\/wp-json\/wp\/v2\/product_tag?post=411"}],"curies":[{"name":"wp","href":"https:\/\/api.w.org\/{rel}","templated":true}]}}