{"id":134,"date":"2023-05-20T17:03:21","date_gmt":"2023-05-20T15:03:21","guid":{"rendered":"http:\/\/roselynegiacchero.fr\/index.php\/product\/hoodie-with-logo\/"},"modified":"2023-07-28T08:24:52","modified_gmt":"2023-07-28T06:24:52","slug":"hoodie-with-logo","status":"publish","type":"product","link":"https:\/\/roselynegiacchero.fr\/index.php\/product\/hoodie-with-logo\/","title":{"rendered":"Livre \u00ab\u00a0Les \u00e2mes du lac\u00a0\u00bb"},"content":{"rendered":"<p>Il n\u2019y a pas de hasard, il n\u2019y a que des rendez-vous\u2026<\/p>\n<p>Deux artistes disparaissent le m\u00eame jour de l\u2019ann\u00e9e \u00e0 35 ans d\u2019intervalle. Leurs veuves se rencontrent par hasard au cours d\u2019une promenade et sympathisent. \u00c0 travers le r\u00e9cit de leurs vies, elles d\u00e9couvrent d\u2019\u00e9tranges co\u00efncidences dans leurs parcours respectifs.<br \/>\nEntre sculpture et musique, un lien gracieux semble les unir lentement. Au fil des jours, la plus \u00e2g\u00e9e transmet \u00e0 la plus jeune, fragilis\u00e9e par des difficult\u00e9s personnelles, les outils de r\u00e9silience tir\u00e9s de son exp\u00e9rience de vie.<\/p>\n","protected":false},"excerpt":{"rendered":"<p>Mon nouveau roman \u00ab\u00a0Les \u00e2mes du lac\u00a0\u00bb<\/p>\n","protected":false},"featured_media":336,"comment_status":"open","ping_status":"closed","template":"","meta":{"site-sidebar-layout":"default","site-content-layout":"default","ast-global-header-display":"","ast-banner-title-visibility":"","ast-main-header-display":"","ast-hfb-above-header-display":"","ast-hfb-below-header-display":"","ast-hfb-mobile-header-display":"","site-post-title":"","ast-breadcrumbs-content":"","ast-featured-img":"","footer-sml-layout":"","theme-transparent-header-meta":"default","adv-header-id-meta":"","stick-header-meta":"","header-above-stick-meta":"","header-main-stick-meta":"","header-below-stick-meta":""},"product_cat":[17],"product_tag":[22,21],"class_list":["post-134","product","type-product","status-publish","has-post-thumbnail","hentry","product_cat-uncategorized","product_tag-livre","product_tag-roman","desktop-align-left","tablet-align-left","mobile-align-left"],"yoast_head":"<!-- This site is optimized with the Yoast SEO plugin v20.8 - https:\/\/yoast.com\/wordpress\/plugins\/seo\/ -->\n<title>Livre &quot;Les \u00e2mes du lac&quot; - Roselyne Giacchero<\/title>\n<meta name=\"robots\" content=\"index, follow, max-snippet:-1, max-image-preview:large, max-video-preview:-1\" \/>\n<link rel=\"canonical\" href=\"https:\/\/roselynegiacchero.fr\/index.php\/product\/hoodie-with-logo\/\" \/>\n<meta property=\"og:locale\" content=\"fr_FR\" \/>\n<meta property=\"og:type\" content=\"article\" \/>\n<meta property=\"og:title\" content=\"Livre &quot;Les \u00e2mes du lac&quot; - Roselyne Giacchero\" \/>\n<meta property=\"og:description\" content=\"Mon nouveau roman &quot;Les \u00e2mes du lac&quot;\" \/>\n<meta property=\"og:url\" content=\"https:\/\/roselynegiacchero.fr\/index.php\/product\/hoodie-with-logo\/\" \/>\n<meta property=\"og:site_name\" content=\"Roselyne Giacchero\" \/>\n<meta property=\"article:modified_time\" content=\"2023-07-28T06:24:52+00:00\" \/>\n<meta property=\"og:image\" content=\"http:\/\/roselynegiacchero.fr\/wp-content\/uploads\/2023\/05\/new-thumbnail_IMG_0775.jpeg\" \/>\n\t<meta property=\"og:image:width\" content=\"1530\" \/>\n\t<meta property=\"og:image:height\" content=\"2040\" \/>\n\t<meta property=\"og:image:type\" content=\"image\/jpeg\" \/>\n<meta name=\"twitter:card\" content=\"summary_large_image\" \/>\n<meta name=\"twitter:label1\" content=\"Dur\u00e9e de lecture estim\u00e9e\" \/>\n\t<meta name=\"twitter:data1\" content=\"1 minute\" \/>\n<script type=\"application\/ld+json\" class=\"yoast-schema-graph\">{\"@context\":\"https:\/\/schema.org\",\"@graph\":[{\"@type\":\"WebPage\",\"@id\":\"https:\/\/roselynegiacchero.fr\/index.php\/product\/hoodie-with-logo\/\",\"url\":\"https:\/\/roselynegiacchero.fr\/index.php\/product\/hoodie-with-logo\/\",\"name\":\"Livre \\\"Les \u00e2mes du lac\\\" - Roselyne Giacchero\",\"isPartOf\":{\"@id\":\"https:\/\/roselynegiacchero.fr\/#website\"},\"datePublished\":\"2023-05-20T15:03:21+00:00\",\"dateModified\":\"2023-07-28T06:24:52+00:00\",\"breadcrumb\":{\"@id\":\"https:\/\/roselynegiacchero.fr\/index.php\/product\/hoodie-with-logo\/#breadcrumb\"},\"inLanguage\":\"fr-FR\",\"potentialAction\":[{\"@type\":\"ReadAction\",\"target\":[\"https:\/\/roselynegiacchero.fr\/index.php\/product\/hoodie-with-logo\/\"]}]},{\"@type\":\"BreadcrumbList\",\"@id\":\"https:\/\/roselynegiacchero.fr\/index.php\/product\/hoodie-with-logo\/#breadcrumb\",\"itemListElement\":[{\"@type\":\"ListItem\",\"position\":1,\"name\":\"Home\",\"item\":\"https:\/\/roselynegiacchero.fr\/\"},{\"@type\":\"ListItem\",\"position\":2,\"name\":\"Shop\",\"item\":\"https:\/\/roselynegiacchero.fr\/index.php\/shop\/\"},{\"@type\":\"ListItem\",\"position\":3,\"name\":\"Livre \u00ab\u00a0Les \u00e2mes du lac\u00a0\u00bb\"}]},{\"@type\":\"WebSite\",\"@id\":\"https:\/\/roselynegiacchero.fr\/#website\",\"url\":\"https:\/\/roselynegiacchero.fr\/\",\"name\":\"Roselyne Giacchero\",\"description\":\"Un site utilisant WordPress\",\"publisher\":{\"@id\":\"https:\/\/roselynegiacchero.fr\/#\/schema\/person\/c63cff8844965965d27404f9aa57682c\"},\"potentialAction\":[{\"@type\":\"SearchAction\",\"target\":{\"@type\":\"EntryPoint\",\"urlTemplate\":\"https:\/\/roselynegiacchero.fr\/?s={search_term_string}\"},\"query-input\":\"required name=search_term_string\"}],\"inLanguage\":\"fr-FR\"},{\"@type\":[\"Person\",\"Organization\"],\"@id\":\"https:\/\/roselynegiacchero.fr\/#\/schema\/person\/c63cff8844965965d27404f9aa57682c\",\"name\":\"Roselyne Giacchero\",\"image\":{\"@type\":\"ImageObject\",\"inLanguage\":\"fr-FR\",\"@id\":\"https:\/\/roselynegiacchero.fr\/#\/schema\/person\/image\/\",\"url\":\"https:\/\/secure.gravatar.com\/avatar\/931b99a06027145c861f920f11e7a3d731acb245905dc357ab8dce38873b91fd?s=96&d=mm&r=g\",\"contentUrl\":\"https:\/\/secure.gravatar.com\/avatar\/931b99a06027145c861f920f11e7a3d731acb245905dc357ab8dce38873b91fd?s=96&d=mm&r=g\",\"caption\":\"Roselyne Giacchero\"},\"logo\":{\"@id\":\"https:\/\/roselynegiacchero.fr\/#\/schema\/person\/image\/\"},\"sameAs\":[\"http:\/\/roselynegiacchero.fr\"]}]}<\/script>\n<!-- \/ Yoast SEO plugin. -->","yoast_head_json":{"title":"Livre \"Les \u00e2mes du lac\" - Roselyne Giacchero","robots":{"index":"index","follow":"follow","max-snippet":"max-snippet:-1","max-image-preview":"max-image-preview:large","max-video-preview":"max-video-preview:-1"},"canonical":"https:\/\/roselynegiacchero.fr\/index.php\/product\/hoodie-with-logo\/","og_locale":"fr_FR","og_type":"article","og_title":"Livre \"Les \u00e2mes du lac\" - Roselyne Giacchero","og_description":"Mon nouveau roman \"Les \u00e2mes du lac\"","og_url":"https:\/\/roselynegiacchero.fr\/index.php\/product\/hoodie-with-logo\/","og_site_name":"Roselyne Giacchero","article_modified_time":"2023-07-28T06:24:52+00:00","og_image":[{"width":1530,"height":2040,"url":"http:\/\/roselynegiacchero.fr\/wp-content\/uploads\/2023\/05\/new-thumbnail_IMG_0775.jpeg","type":"image\/jpeg"}],"twitter_card":"summary_large_image","twitter_misc":{"Dur\u00e9e de lecture estim\u00e9e":"1 minute"},"schema":{"@context":"https:\/\/schema.org","@graph":[{"@type":"WebPage","@id":"https:\/\/roselynegiacchero.fr\/index.php\/product\/hoodie-with-logo\/","url":"https:\/\/roselynegiacchero.fr\/index.php\/product\/hoodie-with-logo\/","name":"Livre \"Les \u00e2mes du lac\" - Roselyne Giacchero","isPartOf":{"@id":"https:\/\/roselynegiacchero.fr\/#website"},"datePublished":"2023-05-20T15:03:21+00:00","dateModified":"2023-07-28T06:24:52+00:00","breadcrumb":{"@id":"https:\/\/roselynegiacchero.fr\/index.php\/product\/hoodie-with-logo\/#breadcrumb"},"inLanguage":"fr-FR","potentialAction":[{"@type":"ReadAction","target":["https:\/\/roselynegiacchero.fr\/index.php\/product\/hoodie-with-logo\/"]}]},{"@type":"BreadcrumbList","@id":"https:\/\/roselynegiacchero.fr\/index.php\/product\/hoodie-with-logo\/#breadcrumb","itemListElement":[{"@type":"ListItem","position":1,"name":"Home","item":"https:\/\/roselynegiacchero.fr\/"},{"@type":"ListItem","position":2,"name":"Shop","item":"https:\/\/roselynegiacchero.fr\/index.php\/shop\/"},{"@type":"ListItem","position":3,"name":"Livre \u00ab\u00a0Les \u00e2mes du lac\u00a0\u00bb"}]},{"@type":"WebSite","@id":"https:\/\/roselynegiacchero.fr\/#website","url":"https:\/\/roselynegiacchero.fr\/","name":"Roselyne Giacchero","description":"Un site utilisant WordPress","publisher":{"@id":"https:\/\/roselynegiacchero.fr\/#\/schema\/person\/c63cff8844965965d27404f9aa57682c"},"potentialAction":[{"@type":"SearchAction","target":{"@type":"EntryPoint","urlTemplate":"https:\/\/roselynegiacchero.fr\/?s={search_term_string}"},"query-input":"required name=search_term_string"}],"inLanguage":"fr-FR"},{"@type":["Person","Organization"],"@id":"https:\/\/roselynegiacchero.fr\/#\/schema\/person\/c63cff8844965965d27404f9aa57682c","name":"Roselyne Giacchero","image":{"@type":"ImageObject","inLanguage":"fr-FR","@id":"https:\/\/roselynegiacchero.fr\/#\/schema\/person\/image\/","url":"https:\/\/secure.gravatar.com\/avatar\/931b99a06027145c861f920f11e7a3d731acb245905dc357ab8dce38873b91fd?s=96&d=mm&r=g","contentUrl":"https:\/\/secure.gravatar.com\/avatar\/931b99a06027145c861f920f11e7a3d731acb245905dc357ab8dce38873b91fd?s=96&d=mm&r=g","caption":"Roselyne Giacchero"},"logo":{"@id":"https:\/\/roselynegiacchero.fr\/#\/schema\/person\/image\/"},"sameAs":["http:\/\/roselynegiacchero.fr"]}]}},"_links":{"self":[{"href":"https:\/\/roselynegiacchero.fr\/index.php\/wp-json\/wp\/v2\/product\/134","targetHints":{"allow":["GET"]}}],"collection":[{"href":"https:\/\/roselynegiacchero.fr\/index.php\/wp-json\/wp\/v2\/product"}],"about":[{"href":"https:\/\/roselynegiacchero.fr\/index.php\/wp-json\/wp\/v2\/types\/product"}],"replies":[{"embeddable":true,"href":"https:\/\/roselynegiacchero.fr\/index.php\/wp-json\/wp\/v2\/comments?post=134"}],"wp:featuredmedia":[{"embeddable":true,"href":"https:\/\/roselynegiacchero.fr\/index.php\/wp-json\/wp\/v2\/media\/336"}],"wp:attachment":[{"href":"https:\/\/roselynegiacchero.fr\/index.php\/wp-json\/wp\/v2\/media?parent=134"}],"wp:term":[{"taxonomy":"product_cat","embeddable":true,"href":"https:\/\/roselynegiacchero.fr\/index.php\/wp-json\/wp\/v2\/product_cat?post=134"},{"taxonomy":"product_tag","embeddable":true,"href":"https:\/\/roselynegiacchero.fr\/index.php\/wp-json\/wp\/v2\/product_tag?post=134"}],"curies":[{"name":"wp","href":"https:\/\/api.w.org\/{rel}","templated":true}]}}